{"id":16,"date":"2018-10-04T07:26:35","date_gmt":"2018-10-04T07:26:35","guid":{"rendered":"http:\/\/www.sinerjidizayn.com\/index.php\/testimonials\/"},"modified":"2020-11-09T18:42:19","modified_gmt":"2020-11-09T18:42:19","slug":"blog-3","status":"publish","type":"page","link":"https:\/\/www.sinerjidizayn.com\/index.php\/blog-3\/","title":{"rendered":"Testimonials"},"content":{"rendered":"\t\t<div data-elementor-type=\"wp-post\" data-elementor-id=\"16\" class=\"elementor elementor-16\" data-elementor-settings=\"[]\">\n\t\t\t\t\t\t<div class=\"elementor-inner\">\n\t\t\t\t\t\t\t<div class=\"elementor-section-wrap\">\n\t\t\t\t\t\t\t<section class=\"elementor-section elementor-top-section elementor-element elementor-element-27ab4450 elementor-section-boxed elementor-section-height-default elementor-section-height-default\" data-id=\"27ab4450\" data-element_type=\"section\" data-settings=\"{&quot;background_background&quot;:&quot;classic&quot;}\">\n\t\t\t\t\t\t\t<div class=\"elementor-background-overlay\"><\/div>\n\t\t\t\t\t\t\t<div class=\"elementor-container elementor-column-gap-no\">\n\t\t\t\t\t\t\t<div class=\"elementor-row\">\n\t\t\t\t\t<div class=\"elementor-column elementor-col-100 elementor-top-column elementor-element elementor-element-4e7a75a1\" data-id=\"4e7a75a1\" data-element_type=\"column\">\n\t\t\t<div class=\"elementor-column-wrap elementor-element-populated\">\n\t\t\t\t\t\t\t<div class=\"elementor-widget-wrap\">\n\t\t\t\t\t\t<div class=\"elementor-element elementor-element-6b79298d elementor-widget elementor-widget-heading\" data-id=\"6b79298d\" data-element_type=\"widget\" data-widget_type=\"heading.default\">\n\t\t\t\t<div class=\"elementor-widget-container\">\n\t\t\t<h1 class=\"elementor-heading-title elementor-size-default\">BLOG<\/h1>\t\t<\/div>\n\t\t\t\t<\/div>\n\t\t\t\t<div class=\"elementor-element elementor-element-54ea82f0 elementor-widget elementor-widget-heading\" data-id=\"54ea82f0\" data-element_type=\"widget\" data-widget_type=\"heading.default\">\n\t\t\t\t<div class=\"elementor-widget-container\">\n\t\t\t<h3 class=\"elementor-heading-title elementor-size-default\">Sinerji Dizayn<\/h3>\t\t<\/div>\n\t\t\t\t<\/div>\n\t\t\t\t<div class=\"elementor-element elementor-element-26669913 elementor-widget-divider--view-line elementor-widget elementor-widget-divider\" data-id=\"26669913\" data-element_type=\"widget\" data-widget_type=\"divider.default\">\n\t\t\t\t<div class=\"elementor-widget-container\">\n\t\t\t\t\t<div class=\"elementor-divider\">\n\t\t\t<span class=\"elementor-divider-separator\">\n\t\t\t\t\t\t<\/span>\n\t\t<\/div>\n\t\t\t\t<\/div>\n\t\t\t\t<\/div>\n\t\t\t\t\t\t<\/div>\n\t\t\t\t\t<\/div>\n\t\t<\/div>\n\t\t\t\t\t\t\t\t<\/div>\n\t\t\t\t\t<\/div>\n\t\t<\/section>\n\t\t\t\t<section class=\"elementor-section elementor-top-section elementor-element elementor-element-6cdebfae elementor-section-content-middle elementor-section-boxed elementor-section-height-default elementor-section-height-default\" data-id=\"6cdebfae\" data-element_type=\"section\" data-settings=\"{&quot;background_background&quot;:&quot;classic&quot;}\">\n\t\t\t\t\t\t\t<div class=\"elementor-background-overlay\"><\/div>\n\t\t\t\t\t\t\t<div class=\"elementor-container elementor-column-gap-no\">\n\t\t\t\t\t\t\t<div class=\"elementor-row\">\n\t\t\t\t\t<div class=\"elementor-column elementor-col-100 elementor-top-column elementor-element elementor-element-126b6d37\" data-id=\"126b6d37\" data-element_type=\"column\">\n\t\t\t<div class=\"elementor-column-wrap elementor-element-populated\">\n\t\t\t\t\t\t\t<div class=\"elementor-widget-wrap\">\n\t\t\t\t\t\t<div class=\"elementor-element elementor-element-c2b4988 elementor-widget elementor-widget-accordion\" data-id=\"c2b4988\" data-element_type=\"widget\" data-widget_type=\"accordion.default\">\n\t\t\t\t<div class=\"elementor-widget-container\">\n\t\t\t\t\t<div class=\"elementor-accordion\" role=\"tablist\">\n\t\t\t\t\t\t\t<div class=\"elementor-accordion-item\">\n\t\t\t\t\t<div id=\"elementor-tab-title-2041\" class=\"elementor-tab-title\" data-tab=\"1\" role=\"tab\" aria-controls=\"elementor-tab-content-2041\">\n\t\t\t\t\t\t\t\t\t\t\t\t\t<span class=\"elementor-accordion-icon elementor-accordion-icon-left\" aria-hidden=\"true\">\n\t\t\t\t\t\t\t\t\t\t\t\t\t\t\t<span class=\"elementor-accordion-icon-closed\"><i class=\"fas fa-caret-square-down\"><\/i><\/span>\n\t\t\t\t\t\t\t\t<span class=\"elementor-accordion-icon-opened\"><i class=\"fas fa-caret-square-up\"><\/i><\/span>\n\t\t\t\t\t\t\t\t\t\t\t\t\t\t<\/span>\n\t\t\t\t\t\t\t\t\t\t\t\t<a class=\"elementor-accordion-title\" href=\"\">Akrilik Y\u00fczey Nerelerde Kullan\u0131l\u0131r?<\/a>\n\t\t\t\t\t<\/div>\n\t\t\t\t\t<div id=\"elementor-tab-content-2041\" class=\"elementor-tab-content elementor-clearfix\" data-tab=\"1\" role=\"tabpanel\" aria-labelledby=\"elementor-tab-title-2041\"><p>Pek \u00e7ok avantaj\u0131 bir arada bar\u0131nd\u0131ran akrilik solid y\u00fczeylerin pek \u00e7ok kullan\u0131m alan\u0131 bulunmaktad\u0131r. Hijyenik yap\u0131s\u0131 sebebiyle banyo ve tuvaletlerde kullan\u0131labilir. Bu alanlarda uzun s\u00fcre sa\u011flaml\u0131k ve temizlik sa\u011flanmas\u0131na yard\u0131mc\u0131 olur. Hijyenin \u00e7ok \u00f6nemli oldu\u011fu di\u011fer bir alan olan mutfaklarda da akrilik y\u00fczeyler s\u0131k\u00e7a tercih edilmektedir. Darbe ve \u00e7izilmelere dayan\u0131kl\u0131 \u00f6zelli\u011finin yan\u0131 s\u0131ra tasar\u0131m ve renk konusunda fazlaca alternetifi oldu\u011fu i\u00e7in pratik, \u015f\u0131k ve modern mutfaklar\u0131n vaz ge\u00e7ilmezleri aras\u0131na girmi\u015ftir. Sadece bireysel kullan\u0131m i\u00e7in de\u011fil ayn\u0131 zamanda kamusal ve kurumsal alanlarda kullan\u0131m i\u00e7in de birebirdir. toplu kullan\u0131lan lavabolar, \u015firketlerin genel kullan\u0131m\u0131na a\u00e7\u0131k olan mutfaklar gibi pek \u00e7ok alanda implemente edilebilir. Bunun d\u0131\u015f\u0131nda bankolar da sa\u011flaml\u0131\u011f\u0131 ve tasar\u0131m \u00f6zg\u00fcrl\u00fc\u011f\u00fc sebebiyle akrili\u011fin s\u0131k\u00e7a kullan\u0131ld\u0131\u011f\u0131 di\u011fer bir aland\u0131r. Kullan\u0131m alanlar\u0131na birka\u00e7 \u00f6rnek verdi\u011fimiz akrilik solid y\u00fczeylerin uygulanabilece\u011fi daha pek \u00e7ok alan bulunmaktad\u0131r. Yarat\u0131c\u0131l\u0131\u011f\u0131n\u0131z\u0131 Sinerji Dizayn ile hayata ge\u00e7irmek i\u00e7in bize ula\u015fabilirsiniz.<\/p><\/div>\n\t\t\t\t<\/div>\n\t\t\t\t\t\t\t<div class=\"elementor-accordion-item\">\n\t\t\t\t\t<div id=\"elementor-tab-title-2042\" class=\"elementor-tab-title\" data-tab=\"2\" role=\"tab\" aria-controls=\"elementor-tab-content-2042\">\n\t\t\t\t\t\t\t\t\t\t\t\t\t<span class=\"elementor-accordion-icon elementor-accordion-icon-left\" aria-hidden=\"true\">\n\t\t\t\t\t\t\t\t\t\t\t\t\t\t\t<span class=\"elementor-accordion-icon-closed\"><i class=\"fas fa-caret-square-down\"><\/i><\/span>\n\t\t\t\t\t\t\t\t<span class=\"elementor-accordion-icon-opened\"><i class=\"fas fa-caret-square-up\"><\/i><\/span>\n\t\t\t\t\t\t\t\t\t\t\t\t\t\t<\/span>\n\t\t\t\t\t\t\t\t\t\t\t\t<a class=\"elementor-accordion-title\" href=\"\">Neden Akrilik Mutfak Tezgah\u0131?<\/a>\n\t\t\t\t\t<\/div>\n\t\t\t\t\t<div id=\"elementor-tab-content-2042\" class=\"elementor-tab-content elementor-clearfix\" data-tab=\"2\" role=\"tabpanel\" aria-labelledby=\"elementor-tab-title-2042\"><p>Akrilik mutfak tezgahlar\u0131 g\u00f6zeneksizdirler. Bu nedenle \u00e7ok kolay temizlenirler. Kolay temizlenmelerinin bir di\u011fer \u00f6nemli nedeni de leke tutmamalar\u0131d\u0131r. Ta\u015f mutfak tezgahlar\u0131ndan farkl\u0131 olarak akrilik tezgahlar istenilen her renkte elde edilebilirler ve \u00fczerlerinde renk fark\u0131 g\u00f6zlemlenmez. Yine do\u011fal ta\u015f tezgahlardan farkl\u0131 olarak, akrilik mutfak tezgah\u0131 istenilen \u015fekilde \u00fcretilebildi\u011fi i\u00e7in istenilen her tasar\u0131ma uyabilir.<\/p><\/div>\n\t\t\t\t<\/div>\n\t\t\t\t\t\t\t<div class=\"elementor-accordion-item\">\n\t\t\t\t\t<div id=\"elementor-tab-title-2043\" class=\"elementor-tab-title\" data-tab=\"3\" role=\"tab\" aria-controls=\"elementor-tab-content-2043\">\n\t\t\t\t\t\t\t\t\t\t\t\t\t<span class=\"elementor-accordion-icon elementor-accordion-icon-left\" aria-hidden=\"true\">\n\t\t\t\t\t\t\t\t\t\t\t\t\t\t\t<span class=\"elementor-accordion-icon-closed\"><i class=\"fas fa-caret-square-down\"><\/i><\/span>\n\t\t\t\t\t\t\t\t<span class=\"elementor-accordion-icon-opened\"><i class=\"fas fa-caret-square-up\"><\/i><\/span>\n\t\t\t\t\t\t\t\t\t\t\t\t\t\t<\/span>\n\t\t\t\t\t\t\t\t\t\t\t\t<a class=\"elementor-accordion-title\" href=\"\">Akrilik Solid Surface Nedir?<\/a>\n\t\t\t\t\t<\/div>\n\t\t\t\t\t<div id=\"elementor-tab-content-2043\" class=\"elementor-tab-content elementor-clearfix\" data-tab=\"3\" role=\"tabpanel\" aria-labelledby=\"elementor-tab-title-2043\"><p>Akrilik g\u00fcn\u00fcm\u00fczde \u00e7ok kullan\u0131lan son derece hijyenik bir polimer t\u00fcr\u00fcd\u00fcr. Akrilik Solid Surface malzeme ise; do\u011fal mineraller ve akrili\u011fin \u00f6zel bir y\u00f6ntem ile birle\u015ftirilerek ve d\u00f6k\u00fcm tekni\u011fi ile \u00fcretilen, \u00e7e\u015fitli oranlarda akrilik i\u00e7eren, bir y\u00fczey kaplama malzemesidir. \u00a0G\u00fcn\u00fcm\u00fczde \u00f6zellikle mutfak tezgahlar\u0131nda ve banyo tezgahlar\u0131nda olmak \u00fczere; teknelerde, otel, hastane ve laboratuvar tezgahlar\u0131nda, al\u0131\u015fveri\u015f merkezlerinin i\u00e7 ve d\u0131\u015f mekanlar\u0131nda, banko ve dekorasyon \u00fcr\u00fcnlerinde; k\u0131sacas\u0131 hijyenik ve keyifli bir dokunu\u015f d\u00fc\u015fledi\u011finiz her yerde uygulanabilen, en zor mimari detaylar\u0131 \u00e7a\u011fda\u015f \u00e7izgilere d\u00f6n\u00fc\u015ft\u00fcren, estetik \u00f6zelli\u011fi ve \u00fcst\u00fcn performans\u0131 ile uygulamalarda s\u0131n\u0131rs\u0131z \u00f6zg\u00fcrl\u00fck sa\u011flayan ideal bir y\u00fczey malzemesidir.<\/p><\/div>\n\t\t\t\t<\/div>\n\t\t\t\t\t\t\t<div class=\"elementor-accordion-item\">\n\t\t\t\t\t<div id=\"elementor-tab-title-2044\" class=\"elementor-tab-title\" data-tab=\"4\" role=\"tab\" aria-controls=\"elementor-tab-content-2044\">\n\t\t\t\t\t\t\t\t\t\t\t\t\t<span class=\"elementor-accordion-icon elementor-accordion-icon-left\" aria-hidden=\"true\">\n\t\t\t\t\t\t\t\t\t\t\t\t\t\t\t<span class=\"elementor-accordion-icon-closed\"><i class=\"fas fa-caret-square-down\"><\/i><\/span>\n\t\t\t\t\t\t\t\t<span class=\"elementor-accordion-icon-opened\"><i class=\"fas fa-caret-square-up\"><\/i><\/span>\n\t\t\t\t\t\t\t\t\t\t\t\t\t\t<\/span>\n\t\t\t\t\t\t\t\t\t\t\t\t<a class=\"elementor-accordion-title\" href=\"\">Do\u011fru Banyo Tezgah\u0131 Nas\u0131l Se\u00e7ilir?<\/a>\n\t\t\t\t\t<\/div>\n\t\t\t\t\t<div id=\"elementor-tab-content-2044\" class=\"elementor-tab-content elementor-clearfix\" data-tab=\"4\" role=\"tabpanel\" aria-labelledby=\"elementor-tab-title-2044\"><p>Banyo tezgahlar\u0131, gerek g\u00f6rselli\u011fi gerekse kullan\u0131m kolayl\u0131\u011f\u0131 ve dayan\u0131kl\u0131l\u0131\u011f\u0131 sebebiyle, \u00f6nem gerektiren konular\u0131n ba\u015f\u0131nda gelir. Banyonuzun \u00f6l\u00e7\u00fcleri ne olursa olsun, sizin i\u00e7in en uygun ve kullan\u0131\u015fl\u0131 tezgah\u0131 se\u00e7meniz asl\u0131nda o kadar da zor de\u011fil.<\/p><div><b>\u0130htiyac\u0131n\u0131z ve Kullan\u0131m Al\u0131\u015fkanl\u0131klar\u0131n\u0131z Neler?<\/b><\/div><div>\u00a0<\/div><div>&#8211; Tezgah\u0131n i\u00e7inde ka\u00e7 tane raf olmal\u0131?\u00a0<\/div><div>&#8211; Raf aral\u0131klar\u0131n\u0131n y\u00fckseklikleri ne olmal\u0131?<\/div><div>&#8211; \u00c7ekmeceye ihtiya\u00e7 duyuyor musunuz?<\/div><div>&#8211; Tam olarak ne koymay\u0131 planl\u0131yorsunuz? Havlular\u0131n\u0131z\u0131, makyaj malzemelerinizi veya temizlik malzemelerini mi koymay\u0131 planl\u0131yorsunuz?\u00a0<\/div><div>&#8211; Tezgah k\u00fcveti \u00f6l\u00e7\u00fcs\u00fc, \u015fekli nas\u0131l olmal\u0131?<\/div><div>&#8211; Ayna y\u00fcksekli\u011fi ve \u00f6l\u00e7\u00fcs\u00fc nas\u0131l olmal\u0131?<\/div><div>&#8211; Ayna \u00fczerinde spot \u0131\u015f\u0131klar m\u0131 yoksa aplik tarz\u0131 bir ayd\u0131nlatma m\u0131 tercih edersiniz?\u00a0<\/div><div>&#8211; Ayna dolap \u00fcst\u00fc m\u00fc yoksa duvarda m\u0131 olmal\u0131? Kenar\u0131nda ekstra raf veya dolaba ihtiya\u00e7 var m\u0131?\u00a0<\/div><div>T\u00fcm bu sorulara cevap bulup \u00f6l\u00e7\u00fclerinizi ald\u0131ktan sonra Sinarji Dizayn sayesinde hayallerinizdeki tasar\u0131ma ula\u015fabilirsiniz.<\/div><p>\u00a0<\/p><\/div>\n\t\t\t\t<\/div>\n\t\t\t\t\t<\/div>\n\t\t\t\t<\/div>\n\t\t\t\t<\/div>\n\t\t\t\t\t\t<\/div>\n\t\t\t\t\t<\/div>\n\t\t<\/div>\n\t\t\t\t\t\t\t\t<\/div>\n\t\t\t\t\t<\/div>\n\t\t<\/section>\n\t\t\t\t\t\t<\/div>\n\t\t\t\t\t\t<\/div>\n\t\t\t\t\t<\/div>\n\t\t","protected":false},"excerpt":{"rendered":"<p>BLOG Sinerji Dizayn Akrilik Y\u00fczey Nerelerde Kullan\u0131l\u0131r? Pek \u00e7ok avantaj\u0131 bir arada bar\u0131nd\u0131ran akrilik solid y\u00fczeylerin pek \u00e7ok kullan\u0131m alan\u0131 bulunmaktad\u0131r. Hijyenik yap\u0131s\u0131 sebebiyle banyo ve tuvaletlerde kullan\u0131labilir. Bu alanlarda uzun s\u00fcre sa\u011flaml\u0131k ve temizlik sa\u011flanmas\u0131na yard\u0131mc\u0131 olur. Hijyenin \u00e7ok \u00f6nemli oldu\u011fu di\u011fer bir alan olan mutfaklarda da akrilik y\u00fczeyler s\u0131k\u00e7a tercih edilmektedir. Darbe ve &hellip;<\/p>\n<p class=\"read-more\"> <a class=\"\" href=\"https:\/\/www.sinerjidizayn.com\/index.php\/blog-3\/\"> <span class=\"screen-reader-text\">Testimonials<\/span> Devam\u0131 &raquo;<\/a><\/p>\n","protected":false},"author":1,"featured_media":0,"parent":0,"menu_order":0,"comment_status":"closed","ping_status":"closed","template":"","meta":[],"uagb_featured_image_src":{"full":false,"thumbnail":false,"medium":false,"medium_large":false,"large":false,"1536x1536":false,"2048x2048":false},"uagb_author_info":{"display_name":"admin","author_link":"https:\/\/www.sinerjidizayn.com\/index.php\/author\/admin\/"},"uagb_comment_info":0,"uagb_excerpt":"BLOG Sinerji Dizayn Akrilik Y\u00fczey Nerelerde Kullan\u0131l\u0131r? Pek \u00e7ok avantaj\u0131 bir arada bar\u0131nd\u0131ran akrilik solid y\u00fczeylerin pek \u00e7ok kullan\u0131m alan\u0131 bulunmaktad\u0131r. Hijyenik yap\u0131s\u0131 sebebiyle banyo ve tuvaletlerde kullan\u0131labilir. Bu alanlarda uzun s\u00fcre sa\u011flaml\u0131k ve temizlik sa\u011flanmas\u0131na yard\u0131mc\u0131 olur. Hijyenin \u00e7ok \u00f6nemli oldu\u011fu di\u011fer bir alan olan mutfaklarda da akrilik y\u00fczeyler s\u0131k\u00e7a tercih edilmektedir. Darbe ve&hellip;","_links":{"self":[{"href":"https:\/\/www.sinerjidizayn.com\/index.php\/wp-json\/wp\/v2\/pages\/16"}],"collection":[{"href":"https:\/\/www.sinerjidizayn.com\/index.php\/wp-json\/wp\/v2\/pages"}],"about":[{"href":"https:\/\/www.sinerjidizayn.com\/index.php\/wp-json\/wp\/v2\/types\/page"}],"author":[{"embeddable":true,"href":"https:\/\/www.sinerjidizayn.com\/index.php\/wp-json\/wp\/v2\/users\/1"}],"replies":[{"embeddable":true,"href":"https:\/\/www.sinerjidizayn.com\/index.php\/wp-json\/wp\/v2\/comments?post=16"}],"version-history":[{"count":28,"href":"https:\/\/www.sinerjidizayn.com\/index.php\/wp-json\/wp\/v2\/pages\/16\/revisions"}],"predecessor-version":[{"id":1330,"href":"https:\/\/www.sinerjidizayn.com\/index.php\/wp-json\/wp\/v2\/pages\/16\/revisions\/1330"}],"wp:attachment":[{"href":"https:\/\/www.sinerjidizayn.com\/index.php\/wp-json\/wp\/v2\/media?parent=16"}],"curies":[{"name":"wp","href":"https:\/\/api.w.org\/{rel}","templated":true}]}}